{"id":2,"date":"2025-11-19T14:08:09","date_gmt":"2025-11-19T14:08:09","guid":{"rendered":"https:\/\/dedulcebisuteria.rkinformatika.online\/?page_id=2"},"modified":"2025-11-27T10:14:08","modified_gmt":"2025-11-27T10:14:08","slug":"inicio","status":"publish","type":"page","link":"https:\/\/dedulcebisuteria.es\/en\/","title":{"rendered":"Start"},"content":{"rendered":"<div data-elementor-type=\"wp-page\" data-elementor-id=\"2\" class=\"elementor elementor-2\" data-elementor-post-type=\"page\">\n\t\t\t\t<div class=\"elementor-element elementor-element-8978d65 e-flex e-con-boxed e-con e-parent\" data-id=\"8978d65\" data-element_type=\"container\" data-e-type=\"container\" data-settings=\"{&quot;background_background&quot;:&quot;classic&quot;}\">\n\t\t\t\t\t<div class=\"e-con-inner\">\n\t\t\t\t<div class=\"elementor-element elementor-element-8915635 elementor-widget elementor-widget-heading\" data-id=\"8915635\" data-element_type=\"widget\" data-e-type=\"widget\" data-widget_type=\"heading.default\">\n\t\t\t\t\t<h2 class=\"elementor-heading-title elementor-size-default\">A GRATEFUL HEART IS A MAGNET FOR MIRACLES.<\/h2>\t\t\t\t<\/div>\n\t\t\t\t\t<\/div>\n\t\t\t\t<\/div>\n\t\t<div class=\"elementor-element elementor-element-1f5a9cb e-flex e-con-boxed e-con e-parent\" data-id=\"1f5a9cb\" data-element_type=\"container\" data-e-type=\"container\" data-settings=\"{&quot;background_background&quot;:&quot;gradient&quot;}\">\n\t\t\t\t\t<div class=\"e-con-inner\">\n\t\t\t\t<div class=\"elementor-element elementor-element-094ad23 elementor-arrows-position-inside elementor-pagination-position-outside elementor-widget elementor-widget-image-carousel\" data-id=\"094ad23\" data-element_type=\"widget\" data-e-type=\"widget\" data-settings=\"{&quot;slides_to_show&quot;:&quot;1&quot;,&quot;navigation&quot;:&quot;both&quot;,&quot;autoplay&quot;:&quot;yes&quot;,&quot;pause_on_hover&quot;:&quot;yes&quot;,&quot;pause_on_interaction&quot;:&quot;yes&quot;,&quot;autoplay_speed&quot;:5000,&quot;infinite&quot;:&quot;yes&quot;,&quot;effect&quot;:&quot;slide&quot;,&quot;speed&quot;:500}\" data-widget_type=\"image-carousel.default\">\n\t\t\t\t\t\t\t<div class=\"elementor-image-carousel-wrapper swiper\" role=\"region\" aria-roledescription=\"carousel\" aria-label=\"Carrusel de im\u00e1genes\" dir=\"ltr\">\n\t\t\t<div class=\"elementor-image-carousel swiper-wrapper\" aria-live=\"off\">\n\t\t\t\t\t\t\t\t<div class=\"swiper-slide\" role=\"group\" aria-roledescription=\"slide\" aria-label=\"1 de 4\"><figure class=\"swiper-slide-inner\"><img decoding=\"async\" class=\"swiper-slide-image\" src=\"https:\/\/dedulcebisuteria.es\/wp-content\/uploads\/elementor\/thumbs\/Diseno-sin-titulo-3-rfa5akshybp59y012o4e8xt4kb7t9z3twvmtcsqhs8.png\" alt=\"Dise\u00f1o sin t\u00edtulo (3)\" \/><\/figure><\/div><div class=\"swiper-slide\" role=\"group\" aria-roledescription=\"slide\" aria-label=\"2 de 4\"><figure class=\"swiper-slide-inner\"><img decoding=\"async\" class=\"swiper-slide-image\" src=\"https:\/\/dedulcebisuteria.es\/wp-content\/uploads\/elementor\/thumbs\/Diseno-sin-titulo-2-1-rfa57jr7xjjvv6eerczo7pbnnm58h32ytvyhop85u0.png\" alt=\"Dise\u00f1o sin t\u00edtulo (2)\" \/><\/figure><\/div><div class=\"swiper-slide\" role=\"group\" aria-roledescription=\"slide\" aria-label=\"3 de 4\"><figure class=\"swiper-slide-inner\"><img decoding=\"async\" class=\"swiper-slide-image\" src=\"https:\/\/dedulcebisuteria.es\/wp-content\/uploads\/elementor\/thumbs\/Diseno-sin-titulo-1-1-rfa4yerphj1iznoa4es8z0cbqr6rn0swwnmjpurybs.png\" alt=\"Dise\u00f1o sin t\u00edtulo (1)\" \/><\/figure><\/div><div class=\"swiper-slide\" role=\"group\" aria-roledescription=\"slide\" aria-label=\"4 de 4\"><figure class=\"swiper-slide-inner\"><img decoding=\"async\" class=\"swiper-slide-image\" src=\"https:\/\/dedulcebisuteria.es\/wp-content\/uploads\/elementor\/thumbs\/Diseno-sin-titulo-2-rfa4tnp2xojcamkrvcu5d7ifmmlyq3xrl4w6dhtls8.png\" alt=\"Dise\u00f1o sin t\u00edtulo\" \/><\/figure><\/div>\t\t\t<\/div>\n\t\t\t\t\t\t\t\t\t\t\t\t<div class=\"elementor-swiper-button elementor-swiper-button-prev\" role=\"button\" tabindex=\"0\">\n\t\t\t\t\t\t<svg aria-hidden=\"true\" class=\"e-font-icon-svg e-eicon-chevron-left\" viewbox=\"0 0 1000 1000\" xmlns=\"http:\/\/www.w3.org\/2000\/svg\"><path d=\"M646 125C629 125 613 133 604 142L308 442C296 454 292 471 292 487 292 504 296 521 308 533L604 854C617 867 629 875 646 875 663 875 679 871 692 858 704 846 713 829 713 812 713 796 708 779 692 767L438 487 692 225C700 217 708 204 708 187 708 171 704 154 692 142 675 129 663 125 646 125Z\"><\/path><\/svg>\t\t\t\t\t<\/div>\n\t\t\t\t\t<div class=\"elementor-swiper-button elementor-swiper-button-next\" role=\"button\" tabindex=\"0\">\n\t\t\t\t\t\t<svg aria-hidden=\"true\" class=\"e-font-icon-svg e-eicon-chevron-right\" viewbox=\"0 0 1000 1000\" xmlns=\"http:\/\/www.w3.org\/2000\/svg\"><path d=\"M696 533C708 521 713 504 713 487 713 471 708 454 696 446L400 146C388 133 375 125 354 125 338 125 325 129 313 142 300 154 292 171 292 187 292 204 296 221 308 233L563 492 304 771C292 783 288 800 288 817 288 833 296 850 308 863 321 871 338 875 354 875 371 875 388 867 400 854L696 533Z\"><\/path><\/svg>\t\t\t\t\t<\/div>\n\t\t\t\t\n\t\t\t\t\t\t\t\t\t<div class=\"swiper-pagination\"><\/div>\n\t\t\t\t\t\t\t\t\t<\/div>\n\t\t\t\t\t\t<\/div>\n\t\t\t\t<div class=\"elementor-element elementor-element-dde51a0 elementor-align-center elementor-widget elementor-widget-button\" data-id=\"dde51a0\" data-element_type=\"widget\" data-e-type=\"widget\" data-widget_type=\"button.default\">\n\t\t\t\t\t\t\t\t\t\t<a class=\"elementor-button elementor-button-link elementor-size-sm\" href=\"\/en\/productos\/\">\n\t\t\t\t\t\t<span class=\"elementor-button-content-wrapper\">\n\t\t\t\t\t\t<span class=\"elementor-button-icon\">\n\t\t\t\t<svg aria-hidden=\"true\" class=\"e-font-icon-svg e-far-grin-stars\" viewbox=\"0 0 496 512\" xmlns=\"http:\/\/www.w3.org\/2000\/svg\"><path d=\"M248 8C111 8 0 119 0 256s111 248 248 248 248-111 248-248S385 8 248 8zm0 448c-110.3 0-200-89.7-200-200S137.7 56 248 56s200 89.7 200 200-89.7 200-200 200zm105.6-151.4c-25.9 8.3-64.4 13.1-105.6 13.1s-79.6-4.8-105.6-13.1c-9.8-3.1-19.4 5.3-17.7 15.3 7.9 47.2 71.3 80 123.3 80s115.3-32.9 123.3-80c1.6-9.8-7.7-18.4-17.7-15.3zm-227.9-57.5c-1 6.2 5.4 11 11 7.9l31.3-16.3 31.3 16.3c5.6 3.1 12-1.7 11-7.9l-6-34.9 25.4-24.6c4.5-4.5 1.9-12.2-4.3-13.2l-34.9-5-15.5-31.6c-2.9-5.8-11-5.8-13.9 0l-15.5 31.6-34.9 5c-6.2.9-8.9 8.6-4.3 13.2l25.4 24.6-6.1 34.9zm259.7-72.7l-34.9-5-15.5-31.6c-2.9-5.8-11-5.8-13.9 0l-15.5 31.6-34.9 5c-6.2.9-8.9 8.6-4.3 13.2l25.4 24.6-6 34.9c-1 6.2 5.4 11 11 7.9l31.3-16.3 31.3 16.3c5.6 3.1 12-1.7 11-7.9l-6-34.9 25.4-24.6c4.5-4.6 1.8-12.2-4.4-13.2z\"><\/path><\/svg>\t\t\t<\/span>\n\t\t\t\t\t\t\t\t\t<span class=\"elementor-button-text\">Products<\/span>\n\t\t\t\t\t<\/span>\n\t\t\t\t\t<\/a>\n\t\t\t\t\t\t\t\t<\/div>\n\t\t\t\t\t<\/div>\n\t\t\t\t<\/div>\n\t\t<div class=\"elementor-element elementor-element-2c901b3 e-flex e-con-boxed e-con e-parent\" data-id=\"2c901b3\" data-element_type=\"container\" data-e-type=\"container\" data-settings=\"{&quot;background_background&quot;:&quot;classic&quot;}\">\n\t\t\t\t\t<div class=\"e-con-inner\">\n\t\t<div class=\"elementor-element elementor-element-5755500 e-con-full e-flex e-con e-child\" data-id=\"5755500\" data-element_type=\"container\" data-e-type=\"container\">\n\t\t\t\t<div class=\"elementor-element elementor-element-948787a elementor-widget elementor-widget-image\" data-id=\"948787a\" data-element_type=\"widget\" data-e-type=\"widget\" data-widget_type=\"image.default\">\n\t\t\t\t\t\t\t\t\t\t\t\t\t\t\t<img fetchpriority=\"high\" decoding=\"async\" width=\"535\" height=\"609\" src=\"https:\/\/dedulcebisuteria.es\/wp-content\/uploads\/2025\/11\/7B638937-ED75-42F6-989F-880E114CAE6F_5926515f-bd7e-442e-a2be-6dd6cdc9322b.png\" class=\"attachment-large size-large wp-image-142\" alt=\"\" srcset=\"https:\/\/dedulcebisuteria.es\/wp-content\/uploads\/2025\/11\/7B638937-ED75-42F6-989F-880E114CAE6F_5926515f-bd7e-442e-a2be-6dd6cdc9322b.png 535w, https:\/\/dedulcebisuteria.es\/wp-content\/uploads\/2025\/11\/7B638937-ED75-42F6-989F-880E114CAE6F_5926515f-bd7e-442e-a2be-6dd6cdc9322b-264x300.png 264w, https:\/\/dedulcebisuteria.es\/wp-content\/uploads\/2025\/11\/7B638937-ED75-42F6-989F-880E114CAE6F_5926515f-bd7e-442e-a2be-6dd6cdc9322b-11x12.png 11w\" sizes=\"(max-width: 535px) 100vw, 535px\" \/>\t\t\t\t\t\t\t\t\t\t\t\t\t\t\t<\/div>\n\t\t\t\t<\/div>\n\t\t<div class=\"elementor-element elementor-element-a36d192 e-con-full e-flex e-con e-child\" data-id=\"a36d192\" data-element_type=\"container\" data-e-type=\"container\">\n\t\t\t\t<div class=\"elementor-element elementor-element-7412fbb elementor-widget elementor-widget-heading\" data-id=\"7412fbb\" data-element_type=\"widget\" data-e-type=\"widget\" data-widget_type=\"heading.default\">\n\t\t\t\t\t<h2 class=\"elementor-heading-title elementor-size-default\">Meet Dedulce!<\/h2>\t\t\t\t<\/div>\n\t\t\t\t<div class=\"elementor-element elementor-element-9d9a306 elementor-widget elementor-widget-text-editor\" data-id=\"9d9a306\" data-element_type=\"widget\" data-e-type=\"widget\" data-widget_type=\"text-editor.default\">\n\t\t\t\t\t\t\t\t\t<div id=\"shopify-section-template--15915269292201__8903581b-8c00-4f8a-b36b-96599fc169dd\" class=\"shopify-section section\"><div class=\"image-with-text image-with-text--no-overlap page-width isolate section-template--15915269292201__8903581b-8c00-4f8a-b36b-96599fc169dd-padding\"><div class=\"image-with-text__grid grid grid--gapless grid--1-col grid--2-col-tablet\"><div class=\"image-with-text__text-item grid__item\"><div id=\"ImageWithText--template--15915269292201__8903581b-8c00-4f8a-b36b-96599fc169dd\" class=\"image-with-text__content image-with-text__content--top image-with-text__content--desktop-left image-with-text__content--mobile-left image-with-text__content--adapt gradient color-background-1 content-container\"><div class=\"image-with-text__text rte body\"><p>Hi! I'm Laura, a 23-year-old young entrepreneur and creator of\u00a0<strong>Dedulcebisuteria<\/strong>.<\/p><p>Dedulce started 10 years ago when I ventured to raise some money for school end-of-year trips.<\/p><p>Little by little, the world of crafts caught my attention, and I began to become more and more professional. Thanks to my mother, I've learned so much!<\/p><p>Today, Dedulce is a very important part of me. I truly enjoy making jewelry and details for events, helping others express themselves authentically through what they wear.\u00a0<\/p><p><strong>I can't imagine it any other way than with Dedulce by my side!\u00a0<\/strong><\/p><\/div><\/div><\/div><\/div><\/div><\/div><section id=\"shopify-section-template--15915269292201__main\" class=\"shopify-section section\"><div class=\"page-width page-width--narrow section-template--15915269292201__main-padding\">\u00a0<\/div><\/section>\t\t\t\t\t\t\t\t<\/div>\n\t\t\t\t<\/div>\n\t\t\t\t\t<\/div>\n\t\t\t\t<\/div>\n\t\t<div class=\"elementor-element elementor-element-bc78baf e-flex e-con-boxed e-con e-parent\" data-id=\"bc78baf\" data-element_type=\"container\" data-e-type=\"container\" data-settings=\"{&quot;background_background&quot;:&quot;gradient&quot;}\">\n\t\t\t\t\t<div class=\"e-con-inner\">\n\t\t<div class=\"elementor-element elementor-element-d91f53b e-con-full e-flex e-con e-child\" data-id=\"d91f53b\" data-element_type=\"container\" data-e-type=\"container\">\n\t\t\t\t<div class=\"elementor-element elementor-element-b37b133 elementor-widget elementor-widget-heading\" data-id=\"b37b133\" data-element_type=\"widget\" data-e-type=\"widget\" data-widget_type=\"heading.default\">\n\t\t\t\t\t<h2 class=\"elementor-heading-title elementor-size-default\">Where does the name Dedulce come from?<\/h2>\t\t\t\t<\/div>\n\t\t\t\t<div class=\"elementor-element elementor-element-d1b62f5 elementor-widget elementor-widget-text-editor\" data-id=\"d1b62f5\" data-element_type=\"widget\" data-e-type=\"widget\" data-widget_type=\"text-editor.default\">\n\t\t\t\t\t\t\t\t\t<p>The name\u00a0<strong>Dedulce\u00a0<\/strong>comes from the beginnings: it used to make jewelry with real sweets.<\/p><p>So I decided, together with my mother, to give the brand a sweet touch.<\/p><p>That's how Dedulce was born!\u00a0<\/p>\t\t\t\t\t\t\t\t<\/div>\n\t\t\t\t<\/div>\n\t\t<div class=\"elementor-element elementor-element-c892355 e-con-full e-flex e-con e-child\" data-id=\"c892355\" data-element_type=\"container\" data-e-type=\"container\">\n\t\t\t\t<div class=\"elementor-element elementor-element-87c04ad elementor-widget elementor-widget-image\" data-id=\"87c04ad\" data-element_type=\"widget\" data-e-type=\"widget\" data-widget_type=\"image.default\">\n\t\t\t\t\t\t\t\t\t\t\t\t\t\t\t<img decoding=\"async\" width=\"772\" height=\"1024\" src=\"https:\/\/dedulcebisuteria.es\/wp-content\/uploads\/2025\/11\/inicios_de_dedulce_pag-772x1024.webp\" class=\"attachment-large size-large wp-image-143\" alt=\"\" srcset=\"https:\/\/dedulcebisuteria.es\/wp-content\/uploads\/2025\/11\/inicios_de_dedulce_pag-772x1024.webp 772w, https:\/\/dedulcebisuteria.es\/wp-content\/uploads\/2025\/11\/inicios_de_dedulce_pag-226x300.webp 226w, https:\/\/dedulcebisuteria.es\/wp-content\/uploads\/2025\/11\/inicios_de_dedulce_pag-768x1018.webp 768w, https:\/\/dedulcebisuteria.es\/wp-content\/uploads\/2025\/11\/inicios_de_dedulce_pag-1158x1536.webp 1158w, https:\/\/dedulcebisuteria.es\/wp-content\/uploads\/2025\/11\/inicios_de_dedulce_pag-1545x2048.webp 1545w, https:\/\/dedulcebisuteria.es\/wp-content\/uploads\/2025\/11\/inicios_de_dedulce_pag-9x12.webp 9w, https:\/\/dedulcebisuteria.es\/wp-content\/uploads\/2025\/11\/inicios_de_dedulce_pag-scaled.webp 1931w\" sizes=\"(max-width: 772px) 100vw, 772px\" \/>\t\t\t\t\t\t\t\t\t\t\t\t\t\t\t<\/div>\n\t\t\t\t<\/div>\n\t\t\t\t\t<\/div>\n\t\t\t\t<\/div>\n\t\t\t\t<\/div>","protected":false},"excerpt":{"rendered":"<p>UN CORAZ\u00d3N AGRADECIDO ES UN IM\u00c1N PARA LOS MILAGROS Productos \u00a1Conoce a Dedulce! Hola! Soy Laura, joven emprendedora de 23 a\u00f1os y creadora de\u00a0Dedulcebisuteria. Dedulce comenz\u00f3 hace 10 a\u00f1os cuando me aventur\u00e9 a recaudar algo de dinero para los viajes de fin de curso del cole. Poco a poco el mundo de la artesan\u00eda atrajo [&hellip;]<\/p>\n","protected":false},"author":1,"featured_media":0,"parent":0,"menu_order":0,"comment_status":"closed","ping_status":"closed","template":"elementor_canvas","meta":{"footnotes":""},"class_list":["post-2","page","type-page","status-publish","hentry"],"yoast_head":"<!-- This site is optimized with the Yoast SEO plugin v27.3 - https:\/\/yoast.com\/product\/yoast-seo-wordpress\/ -->\n<title>Inicio - Dedulce Bisuteri<\/title>\n<meta name=\"robots\" content=\"index, follow, max-snippet:-1, max-image-preview:large, max-video-preview:-1\" \/>\n<link rel=\"canonical\" href=\"https:\/\/dedulcebisuteria.es\/en\/\" \/>\n<meta property=\"og:locale\" content=\"en_US\" \/>\n<meta property=\"og:type\" content=\"article\" \/>\n<meta property=\"og:title\" content=\"Inicio - Dedulce Bisuteri\" \/>\n<meta property=\"og:description\" content=\"UN CORAZ\u00d3N AGRADECIDO ES UN IM\u00c1N PARA LOS MILAGROS Productos \u00a1Conoce a Dedulce! Hola! Soy Laura, joven emprendedora de 23 a\u00f1os y creadora de\u00a0Dedulcebisuteria. Dedulce comenz\u00f3 hace 10 a\u00f1os cuando me aventur\u00e9 a recaudar algo de dinero para los viajes de fin de curso del cole. Poco a poco el mundo de la artesan\u00eda atrajo [&hellip;]\" \/>\n<meta property=\"og:url\" content=\"https:\/\/dedulcebisuteria.es\/en\/\" \/>\n<meta property=\"og:site_name\" content=\"Dedulce Bisuteri\" \/>\n<meta property=\"article:modified_time\" content=\"2025-11-27T10:14:08+00:00\" \/>\n<meta property=\"og:image\" content=\"https:\/\/dedulcebisuteria.es\/wp-content\/uploads\/elementor\/thumbs\/Diseno-sin-titulo-3-rfa5akshybp59y012o4e8xt4kb7t9z3twvmtcsqhs8.png\" \/>\n<meta name=\"twitter:card\" content=\"summary_large_image\" \/>\n<script type=\"application\/ld+json\" class=\"yoast-schema-graph\">{\"@context\":\"https:\\\/\\\/schema.org\",\"@graph\":[{\"@type\":\"WebPage\",\"@id\":\"https:\\\/\\\/dedulcebisuteria.es\\\/\",\"url\":\"https:\\\/\\\/dedulcebisuteria.es\\\/\",\"name\":\"Inicio - Dedulce Bisuteri\",\"isPartOf\":{\"@id\":\"https:\\\/\\\/dedulcebisuteria.es\\\/#website\"},\"primaryImageOfPage\":{\"@id\":\"https:\\\/\\\/dedulcebisuteria.es\\\/#primaryimage\"},\"image\":{\"@id\":\"https:\\\/\\\/dedulcebisuteria.es\\\/#primaryimage\"},\"thumbnailUrl\":\"https:\\\/\\\/dedulcebisuteria.es\\\/wp-content\\\/uploads\\\/elementor\\\/thumbs\\\/Diseno-sin-titulo-3-rfa5akshybp59y012o4e8xt4kb7t9z3twvmtcsqhs8.png\",\"datePublished\":\"2025-11-19T14:08:09+00:00\",\"dateModified\":\"2025-11-27T10:14:08+00:00\",\"breadcrumb\":{\"@id\":\"https:\\\/\\\/dedulcebisuteria.es\\\/#breadcrumb\"},\"inLanguage\":\"en-US\",\"potentialAction\":[{\"@type\":\"ReadAction\",\"target\":[\"https:\\\/\\\/dedulcebisuteria.es\\\/\"]}]},{\"@type\":\"ImageObject\",\"inLanguage\":\"en-US\",\"@id\":\"https:\\\/\\\/dedulcebisuteria.es\\\/#primaryimage\",\"url\":\"https:\\\/\\\/dedulcebisuteria.es\\\/wp-content\\\/uploads\\\/elementor\\\/thumbs\\\/Diseno-sin-titulo-3-rfa5akshybp59y012o4e8xt4kb7t9z3twvmtcsqhs8.png\",\"contentUrl\":\"https:\\\/\\\/dedulcebisuteria.es\\\/wp-content\\\/uploads\\\/elementor\\\/thumbs\\\/Diseno-sin-titulo-3-rfa5akshybp59y012o4e8xt4kb7t9z3twvmtcsqhs8.png\"},{\"@type\":\"BreadcrumbList\",\"@id\":\"https:\\\/\\\/dedulcebisuteria.es\\\/#breadcrumb\",\"itemListElement\":[{\"@type\":\"ListItem\",\"position\":1,\"name\":\"Portada\",\"item\":\"https:\\\/\\\/dedulcebisuteria.es\\\/\"},{\"@type\":\"ListItem\",\"position\":2,\"name\":\"Inicio\"}]},{\"@type\":\"WebSite\",\"@id\":\"https:\\\/\\\/dedulcebisuteria.es\\\/#website\",\"url\":\"https:\\\/\\\/dedulcebisuteria.es\\\/\",\"name\":\"Dedulce Bisuteri\",\"description\":\"Tienda de Bisuteria\",\"publisher\":{\"@id\":\"https:\\\/\\\/dedulcebisuteria.es\\\/#organization\"},\"potentialAction\":[{\"@type\":\"SearchAction\",\"target\":{\"@type\":\"EntryPoint\",\"urlTemplate\":\"https:\\\/\\\/dedulcebisuteria.es\\\/?s={search_term_string}\"},\"query-input\":{\"@type\":\"PropertyValueSpecification\",\"valueRequired\":true,\"valueName\":\"search_term_string\"}}],\"inLanguage\":\"en-US\"},{\"@type\":\"Organization\",\"@id\":\"https:\\\/\\\/dedulcebisuteria.es\\\/#organization\",\"name\":\"Dedulce Bisuteri\",\"url\":\"https:\\\/\\\/dedulcebisuteria.es\\\/\",\"logo\":{\"@type\":\"ImageObject\",\"inLanguage\":\"en-US\",\"@id\":\"https:\\\/\\\/dedulcebisuteria.es\\\/#\\\/schema\\\/logo\\\/image\\\/\",\"url\":\"https:\\\/\\\/dedulcebisuteria.es\\\/wp-content\\\/uploads\\\/2025\\\/11\\\/dedulcebisuteria202511_logo_web-fotor-bg-remover-2025112791452.png\",\"contentUrl\":\"https:\\\/\\\/dedulcebisuteria.es\\\/wp-content\\\/uploads\\\/2025\\\/11\\\/dedulcebisuteria202511_logo_web-fotor-bg-remover-2025112791452.png\",\"width\":500,\"height\":500,\"caption\":\"Dedulce Bisuteri\"},\"image\":{\"@id\":\"https:\\\/\\\/dedulcebisuteria.es\\\/#\\\/schema\\\/logo\\\/image\\\/\"}}]}<\/script>\n<!-- \/ Yoast SEO plugin. -->","yoast_head_json":{"title":"Inicio - Dedulce Bisuteri","robots":{"index":"index","follow":"follow","max-snippet":"max-snippet:-1","max-image-preview":"max-image-preview:large","max-video-preview":"max-video-preview:-1"},"canonical":"https:\/\/dedulcebisuteria.es\/en\/","og_locale":"en_US","og_type":"article","og_title":"Inicio - Dedulce Bisuteri","og_description":"UN CORAZ\u00d3N AGRADECIDO ES UN IM\u00c1N PARA LOS MILAGROS Productos \u00a1Conoce a Dedulce! Hola! Soy Laura, joven emprendedora de 23 a\u00f1os y creadora de\u00a0Dedulcebisuteria. Dedulce comenz\u00f3 hace 10 a\u00f1os cuando me aventur\u00e9 a recaudar algo de dinero para los viajes de fin de curso del cole. Poco a poco el mundo de la artesan\u00eda atrajo [&hellip;]","og_url":"https:\/\/dedulcebisuteria.es\/en\/","og_site_name":"Dedulce Bisuteri","article_modified_time":"2025-11-27T10:14:08+00:00","og_image":[{"url":"https:\/\/dedulcebisuteria.es\/wp-content\/uploads\/elementor\/thumbs\/Diseno-sin-titulo-3-rfa5akshybp59y012o4e8xt4kb7t9z3twvmtcsqhs8.png","type":"","width":"","height":""}],"twitter_card":"summary_large_image","schema":{"@context":"https:\/\/schema.org","@graph":[{"@type":"WebPage","@id":"https:\/\/dedulcebisuteria.es\/","url":"https:\/\/dedulcebisuteria.es\/","name":"Inicio - Dedulce Bisuteri","isPartOf":{"@id":"https:\/\/dedulcebisuteria.es\/#website"},"primaryImageOfPage":{"@id":"https:\/\/dedulcebisuteria.es\/#primaryimage"},"image":{"@id":"https:\/\/dedulcebisuteria.es\/#primaryimage"},"thumbnailUrl":"https:\/\/dedulcebisuteria.es\/wp-content\/uploads\/elementor\/thumbs\/Diseno-sin-titulo-3-rfa5akshybp59y012o4e8xt4kb7t9z3twvmtcsqhs8.png","datePublished":"2025-11-19T14:08:09+00:00","dateModified":"2025-11-27T10:14:08+00:00","breadcrumb":{"@id":"https:\/\/dedulcebisuteria.es\/#breadcrumb"},"inLanguage":"en-US","potentialAction":[{"@type":"ReadAction","target":["https:\/\/dedulcebisuteria.es\/"]}]},{"@type":"ImageObject","inLanguage":"en-US","@id":"https:\/\/dedulcebisuteria.es\/#primaryimage","url":"https:\/\/dedulcebisuteria.es\/wp-content\/uploads\/elementor\/thumbs\/Diseno-sin-titulo-3-rfa5akshybp59y012o4e8xt4kb7t9z3twvmtcsqhs8.png","contentUrl":"https:\/\/dedulcebisuteria.es\/wp-content\/uploads\/elementor\/thumbs\/Diseno-sin-titulo-3-rfa5akshybp59y012o4e8xt4kb7t9z3twvmtcsqhs8.png"},{"@type":"BreadcrumbList","@id":"https:\/\/dedulcebisuteria.es\/#breadcrumb","itemListElement":[{"@type":"ListItem","position":1,"name":"Portada","item":"https:\/\/dedulcebisuteria.es\/"},{"@type":"ListItem","position":2,"name":"Inicio"}]},{"@type":"WebSite","@id":"https:\/\/dedulcebisuteria.es\/#website","url":"https:\/\/dedulcebisuteria.es\/","name":"Dedulce Bisuteri","description":"Tienda de Bisuteria","publisher":{"@id":"https:\/\/dedulcebisuteria.es\/#organization"},"potentialAction":[{"@type":"SearchAction","target":{"@type":"EntryPoint","urlTemplate":"https:\/\/dedulcebisuteria.es\/?s={search_term_string}"},"query-input":{"@type":"PropertyValueSpecification","valueRequired":true,"valueName":"search_term_string"}}],"inLanguage":"en-US"},{"@type":"Organization","@id":"https:\/\/dedulcebisuteria.es\/#organization","name":"Dedulce Bisuteri","url":"https:\/\/dedulcebisuteria.es\/","logo":{"@type":"ImageObject","inLanguage":"en-US","@id":"https:\/\/dedulcebisuteria.es\/#\/schema\/logo\/image\/","url":"https:\/\/dedulcebisuteria.es\/wp-content\/uploads\/2025\/11\/dedulcebisuteria202511_logo_web-fotor-bg-remover-2025112791452.png","contentUrl":"https:\/\/dedulcebisuteria.es\/wp-content\/uploads\/2025\/11\/dedulcebisuteria202511_logo_web-fotor-bg-remover-2025112791452.png","width":500,"height":500,"caption":"Dedulce Bisuteri"},"image":{"@id":"https:\/\/dedulcebisuteria.es\/#\/schema\/logo\/image\/"}}]}},"_links":{"self":[{"href":"https:\/\/dedulcebisuteria.es\/en\/wp-json\/wp\/v2\/pages\/2","targetHints":{"allow":["GET"]}}],"collection":[{"href":"https:\/\/dedulcebisuteria.es\/en\/wp-json\/wp\/v2\/pages"}],"about":[{"href":"https:\/\/dedulcebisuteria.es\/en\/wp-json\/wp\/v2\/types\/page"}],"author":[{"embeddable":true,"href":"https:\/\/dedulcebisuteria.es\/en\/wp-json\/wp\/v2\/users\/1"}],"replies":[{"embeddable":true,"href":"https:\/\/dedulcebisuteria.es\/en\/wp-json\/wp\/v2\/comments?post=2"}],"version-history":[{"count":25,"href":"https:\/\/dedulcebisuteria.es\/en\/wp-json\/wp\/v2\/pages\/2\/revisions"}],"predecessor-version":[{"id":277,"href":"https:\/\/dedulcebisuteria.es\/en\/wp-json\/wp\/v2\/pages\/2\/revisions\/277"}],"wp:attachment":[{"href":"https:\/\/dedulcebisuteria.es\/en\/wp-json\/wp\/v2\/media?parent=2"}],"curies":[{"name":"wp","href":"https:\/\/api.w.org\/{rel}","templated":true}]}}